{"id":49,"date":"2010-12-12T10:44:05","date_gmt":"2010-12-12T09:44:05","guid":{"rendered":"http:\/\/www.wckf.de\/blog\/"},"modified":"2010-12-12T11:09:45","modified_gmt":"2010-12-12T10:09:45","slug":"wing-chun","status":"publish","type":"page","link":"http:\/\/www.wckf.de\/blog\/stile\/wing-chun\/","title":{"rendered":"Wing Chun"},"content":{"rendered":"<p>Vor etwa 300 Jahren entwickelten die M\u00f6nche von Shaolin, unter ihnen die legend\u00e4re Nonne Ng Mui, ein Kampfsystem, das nur die effektivsten Techniken und Trainingsprinzipien der ihnen bis dahin bekannten Kung-Fu Stile beinhaltete. Ma\u00dfgeblich f\u00fcr die Auswahl der Techniken war stets die Bedingung, dass die K\u00e4mpfer auch gegen gr\u00f6\u00dfere und kr\u00e4ftigere Gegner siegreich sein konnten. Daher ist Wing Chun wie kein zweites System besonders f\u00fcr Frauen geeignet.<\/p>\n<p>Durch Wing Chun wurde es m\u00f6glich, schnell und effektiv k\u00e4mpfen zu lernen, auch gegen k\u00f6rperlich \u00fcberlegene Gegner. Durch spezielles Sensibilisierungstraining der Arme (Chi Sao) lernt der Sch\u00fcler, L\u00fccken in der Deckung des Gegners zu erkennen und blitzschnell auszunutzen.<\/p>\n<p>Da Wing Chun immer allen anderen Kung-Fu Stilen \u00fcberlegen war, wurde es \u00fcber die Jahrhunderte hinweg, wie ein Erbst\u00fcck, nur an wenige ausgew\u00e4hlte Sch\u00fcler\/innen weitergegeben. Erst Bruce Lee durchbrach diese Tradition und gab sein Wissen in f\u00fcr jedermann offenen Lehrg\u00e4ngen in Amerika weiter.<\/p>\n<p>Wing Chun ist kein Sport, sondern ein Kampfsystem ohne Regeln. Damit bietet es auch heute noch eine auf den Ernstfall bezogene, kompromisslose Form der Selbstverteidigung. Wing Chun ist direkt, benutzt nur kurze \u00f6konomische Bewegungen und hat ausschlie\u00dflich tiefe Tritte. Daher ist dieses Kampfsystem in nahezu jedem Alter und ohne spezielle k\u00f6rperliche Voraussetzungen erlernbar.<\/p>\n<p>Mehr Informationen zu Wing Chun:<br \/>\n<a href=\"http:\/\/www.wckf.de\/blog\/kampfkunst\/der-ursprung-des-wing-chun-von-grosmeister-yip-man\/\">Der Ursprung<\/a><br \/>\n<a href=\"http:\/\/www.wckf.de\/blog\/kampfkunst\/aufstieg-und-fall\/\">Aufstieg und Fall der Wing Chun Familie<\/a><br \/>\n<a href=\"http:\/\/www.wckf.de\/blog\/kampfkunst\/wing-chun-stammbaum\/\">Stammbaum<\/a><\/p>\n","protected":false},"excerpt":{"rendered":"<p>Vor etwa 300 Jahren entwickelten die M\u00f6nche von Shaolin, unter ihnen die legend\u00e4re Nonne Ng Mui, ein Kampfsystem, das nur die effektivsten Techniken und Trainingsprinzipien der ihnen bis dahin bekannten Kung-Fu Stile beinhaltete. Ma\u00dfgeblich f\u00fcr die Auswahl der Techniken war stets die Bedingung, dass die K\u00e4mpfer auch gegen gr\u00f6\u00dfere und kr\u00e4ftigere Gegner siegreich sein konnten. &hellip; <\/p>\n<p><a class=\"more-link btn\" href=\"http:\/\/www.wckf.de\/blog\/stile\/wing-chun\/\">Weiterlesen<\/a><\/p>\n","protected":false},"author":2,"featured_media":0,"parent":10,"menu_order":0,"comment_status":"closed","ping_status":"closed","template":"","meta":[],"jetpack_sharing_enabled":true,"_links":{"self":[{"href":"http:\/\/www.wckf.de\/blog\/wp-json\/wp\/v2\/pages\/49"}],"collection":[{"href":"http:\/\/www.wckf.de\/blog\/wp-json\/wp\/v2\/pages"}],"about":[{"href":"http:\/\/www.wckf.de\/blog\/wp-json\/wp\/v2\/types\/page"}],"author":[{"embeddable":true,"href":"http:\/\/www.wckf.de\/blog\/wp-json\/wp\/v2\/users\/2"}],"replies":[{"embeddable":true,"href":"http:\/\/www.wckf.de\/blog\/wp-json\/wp\/v2\/comments?post=49"}],"version-history":[{"count":5,"href":"http:\/\/www.wckf.de\/blog\/wp-json\/wp\/v2\/pages\/49\/revisions"}],"predecessor-version":[{"id":69,"href":"http:\/\/www.wckf.de\/blog\/wp-json\/wp\/v2\/pages\/49\/revisions\/69"}],"up":[{"embeddable":true,"href":"http:\/\/www.wckf.de\/blog\/wp-json\/wp\/v2\/pages\/10"}],"wp:attachment":[{"href":"http:\/\/www.wckf.de\/blog\/wp-json\/wp\/v2\/media?parent=49"}],"curies":[{"name":"wp","href":"https:\/\/api.w.org\/{rel}","templated":true}]}}