{"id":52,"date":"2010-12-12T10:47:52","date_gmt":"2010-12-12T09:47:52","guid":{"rendered":"http:\/\/www.wckf.de\/blog\/"},"modified":"2010-12-12T11:02:32","modified_gmt":"2010-12-12T10:02:32","slug":"der-ursprung-des-wing-chun-von-grosmeister-yip-man","status":"publish","type":"page","link":"http:\/\/www.wckf.de\/blog\/kampfkunst\/der-ursprung-des-wing-chun-von-grosmeister-yip-man\/","title":{"rendered":"Der Ursprung des Wing Chun"},"content":{"rendered":"<h4>Von Gro\u00dfmeister Yip Man<\/h4>\n<p>Die Ahnfrau des Wing Chun Systems, das verstorbene Fr\u00e4ulein Yim Wing Chun wurde in der Kwangtung Provinz in China geboren. Als junges M\u00e4dchen war sie klug und aufgeweckt und f\u00fcr ihre &#8222;m\u00e4nnlichen&#8220; Charaktereigenschaften bekannt. Sie wurde schon als Kind mit Herrn Leung Bok Chau, einem Salzh\u00e4ndler aus der Fukien Provinz verlobt. Kurz darauf starb ihre Mutter.<\/p>\n<p>Ihr Vater, Yim Yee, wurde mit einer falschen Anklage bedroht. Er wollte das Risiko eingesperrt zu werden nicht eingehen und floh deshalb zusammen mit seiner Tochter. Schlie\u00dflich lie\u00dfen sie sich am Fu\u00dfe des Tai Leung Berges an den Grenzen der Yunnan und Szechwan Provinzen nieder, wo sie ihren Lebensunterhalt mit einem Tofu-Verkaufsstand verdienten.<\/p>\n<p>Es war w\u00e4hrend der K&#8217;angshi Regierung der Ching Dynastie, als die Anh\u00e4nger des Shaolin Kung-Fu Stiles wegen ihrer Kampfkunst so ber\u00fchmt waren, da\u00df die Ching Regierung sich deshalb Sorgen machte und beschlo\u00df, die M\u00f6nche zu t\u00f6ten und das Kloster am Sung Berg der Honan Provinz in Zentralchina zu vernichten. Soldaten wurden mit dem Befehl ausgesandt, das Kloster zu zerst\u00f6ren und die Religionsgemeinschaft auszul\u00f6schen. Aber die M\u00f6nche des Shaolin Klosters und ihre Anh\u00e4nger leisteten so starken Widerstand, da\u00df selbst nach langem und hartem Kampf immer noch unversehrt war.<\/p>\n<p>Chan Man Wai, der bei der Beamtenpr\u00fcfung als Bester des Jahres abgeschnitten hatte, wollte sich bei der Regierung einen Namen verschaffen, und trug ihr seinen Plan vor. Um den Plan durchzuf\u00fchren, verschwor er sich mit einigen M\u00f6nchen des Shaolin Klosters. Der wichtigste von ihnen hie\u00df Ma Ning Yee, der sich \u00fcberreden lie\u00df, seine eigenen Kameraden zu verraten, indem er hinter ihrem R\u00fccken das Kloster in Brand steckte. Auf diese Weise gelang es schlie\u00dflich doch, das Shaolin Kloster abzubrennen, worauf sich die M\u00f6nche und ihre Sch\u00fcler in alle Teile Chinas zerstreuten. Unter den \u00dcberlebenden m\u00fcssen als besonders erw\u00e4hnenswert folgende genannt werden: die buddhistische Meisterin Ng Mui, Meister Chi Shin, Meister Pak Mei, Meister Fung To Tak und Meister Miu Hin. Diese konnten entkommen und sich verborgen halten.<\/p>\n<p>Die buddhistische Meisterin Ng Mui nahm Zuflucht im Tempel des Wei\u00dfen Kranichs am Hang des Tai Leung Berges, den man auch Chai Har Berg nannte. Dort machte sie die Bekanntschaft von Yim Yee und seiner Tochter Wing Chun, bei denen sie auf dem Heimweg vom Markt oft Tofu zu kaufen pflegte. Im Alter von 15 Jahren trug Wing Chun ihr Haar hochgebunden, wie es damals \u00fcblich war, um zu zeigen, da\u00df sie heiraten durfte. Ihre Sch\u00f6nheit erregte die Aufmerksamkeit eines ortsbekannten Schl\u00e4gers, der sie mit Androhung von Gewalt zwingen wollte, ihn zu heiraten. Die wiederholten Drohungen des Schl\u00e4gers gaben Wing Chun und ihrem Vater st\u00e4ndigen Grund zur Sorge.<\/p>\n<p>Als die buddhistische Meisterin Ng Mui davon h\u00f6rte, hatte sie Mitleid mit Wing Chun und nahm sie als Sch\u00fclerin auf. Ng Mui versprach, Wing Chun die Kunst des K\u00e4mpfens zu lehren, damit diese selbst in der Lage sei, sich des Schl\u00e4gers zu entledigen und ihren Verlobten zu heiraten. Von dem Tag an folgte Wing Chun der Ng Mui und \u00fcbte t\u00e4glich Kung Fu. Als sie die Techniken, die Ng Mui ihr beigebracht hatte, meisterte, forderte Yim Wing Chun den Schl\u00e4ger, der sie so sehr bel\u00e4stigt hatte, zum Kampf heraus und besiegte ihn. Darauf verlie\u00df Ng Mui Yim Wing Chun und setzte ihre Reisen durch das Land fort. Vorher hatte sie aber noch Wing Chun das Versprechen abverlangt, die Kampfkunst zu bewahren und den Patrioten zu helfen, die Ching Dynastie zu st\u00fcrzen und die Ming Regierung wieder einzusetzen.<\/p>\n<p>Aus diesem Bericht kann man schlie\u00dfen, dass das Wing Chun System von Ng Mui abstammt.<\/p>\n<p>Nach ihrer Hochzeit gab Yim Wing Chun die Kunst an ihren Gatten Leung Bok Chau weiter, der wiederum Leung Lan Kwai unterrichtete. Leung Lan Kwai brachte diese Kunst dann seinerseits Wong Wah Bo bei, einem Mitglied einer Operngruppe an Bord einer Dschunke, die die Chinesen eine Rote Dschunke nennen. Unter den Kameraden von Wong Wah Bo auf der Roten Dschunke gab es einen gewissen Leung Yee Tei, der die Langstock Techniken von einem Koch des Schiffes gelernt hatte. Am Ende stellte sich heraus, dass der Koch kein anderer als der Meister Chi Shin des abgebrannten Shaolin Klosters vom Sung Berg der Provinz Honan war. Diese Geschichte haben wir oben erz\u00e4hlt.<\/p>\n<p>Die enge Zusammenarbeit zwischen Wong Wah Bo und Leung Yee Tei f\u00fchrte zum Informationstransfer von einem Kung-Fu Stil zum anderen und endete schlie\u00dflich damit, dass die Langstock Techniken Bestandteil des Wing Chun Systems wurden.<\/p>\n<p>Leung Yee Tei unterrichtete dann Leung Jan, einen ber\u00fchmten Arzt aus der Stadt Fatshan in der Provinz Kwangtung. Leung Jan lernte alle Geheimnisse der Kunst und erreichte den h\u00f6chsten Grad an Perfektion. Herausforderer, die von Nah und Fern herbeieilten, wurden alle besiegt.<\/p>\n<p>Sp\u00e4ter gab er seine Techniken an meinen verehrten Sifu Chan Wah Chun weiter, von dem meine \u00e4lteren Kung-Fu Br\u00fcder Ng Siu Lo, Ng Chung So, Chan Yu Min, Lui Yu Chai und ich selbst w\u00e4hrend der Dutzende von Jahren, die wir ihm folgten, diese Kunst erlernten.<\/p>\n<p>Es kann also gesagt werden, dass das Wing Chun System uns in einer direkten Linie von Nachfolgern von seinem Entstehen bis zum heutigen Tag weitergegeben wurde. Ich schreibe diese Geschichte des Wing Chun in respektvollem Andenken an meine Vorg\u00e4nger. Der Mensch soll immer an die Quelle des Wassers denken, das er trinkt.<\/p>\n<p>(Quelle: Genealogy of the Ving Tsun Family)<\/p>\n","protected":false},"excerpt":{"rendered":"<p>Von Gro\u00dfmeister Yip Man Die Ahnfrau des Wing Chun Systems, das verstorbene Fr\u00e4ulein Yim Wing Chun wurde in der Kwangtung Provinz in China geboren. Als junges M\u00e4dchen war sie klug und aufgeweckt und f\u00fcr ihre &#8222;m\u00e4nnlichen&#8220; Charaktereigenschaften bekannt. Sie wurde schon als Kind mit Herrn Leung Bok Chau, einem Salzh\u00e4ndler aus der Fukien Provinz verlobt. &hellip; <\/p>\n<p><a class=\"more-link btn\" href=\"http:\/\/www.wckf.de\/blog\/kampfkunst\/der-ursprung-des-wing-chun-von-grosmeister-yip-man\/\">Weiterlesen<\/a><\/p>\n","protected":false},"author":2,"featured_media":0,"parent":2,"menu_order":0,"comment_status":"closed","ping_status":"closed","template":"","meta":[],"jetpack_sharing_enabled":true,"_links":{"self":[{"href":"http:\/\/www.wckf.de\/blog\/wp-json\/wp\/v2\/pages\/52"}],"collection":[{"href":"http:\/\/www.wckf.de\/blog\/wp-json\/wp\/v2\/pages"}],"about":[{"href":"http:\/\/www.wckf.de\/blog\/wp-json\/wp\/v2\/types\/page"}],"author":[{"embeddable":true,"href":"http:\/\/www.wckf.de\/blog\/wp-json\/wp\/v2\/users\/2"}],"replies":[{"embeddable":true,"href":"http:\/\/www.wckf.de\/blog\/wp-json\/wp\/v2\/comments?post=52"}],"version-history":[{"count":3,"href":"http:\/\/www.wckf.de\/blog\/wp-json\/wp\/v2\/pages\/52\/revisions"}],"predecessor-version":[{"id":64,"href":"http:\/\/www.wckf.de\/blog\/wp-json\/wp\/v2\/pages\/52\/revisions\/64"}],"up":[{"embeddable":true,"href":"http:\/\/www.wckf.de\/blog\/wp-json\/wp\/v2\/pages\/2"}],"wp:attachment":[{"href":"http:\/\/www.wckf.de\/blog\/wp-json\/wp\/v2\/media?parent=52"}],"curies":[{"name":"wp","href":"https:\/\/api.w.org\/{rel}","templated":true}]}}