{"id":70,"date":"2010-12-12T11:10:26","date_gmt":"2010-12-12T10:10:26","guid":{"rendered":"http:\/\/www.wckf.de\/blog\/"},"modified":"2010-12-12T13:21:17","modified_gmt":"2010-12-12T12:21:17","slug":"muay-thai","status":"publish","type":"page","link":"http:\/\/www.wckf.de\/blog\/stile\/muay-thai\/","title":{"rendered":"Muay Thai"},"content":{"rendered":"<p>Das Thai-Boxen &#8222;Muay Thai&#8220; (Muay = schlagen, sto\u00dfen) erfeut sich heute in Thailand, vor allem als Profisport, gro\u00dfer Beliebtheit. Die K\u00e4mpfe, die fr\u00fcher auf Marktpl\u00e4tzen ausgetragen wurden, finden heute in eigens daf\u00fcr errichteten Stadien in einem Boxring statt.<\/p>\n<p>Die K\u00e4mpfer treten barfu\u00df an. Sie tragen Boxhandschuhe und k\u00e4mpfen mit F\u00e4usten und Ellbogen gegeneinander. Au\u00dferdem wird das ganze Bein (Zehen, Spann, Ferse, Schienbein, Knie und Oberschenkel) zum Angriff und zur Verteidigung benutzt. Die Schnelligkeit und die Nehmerqualit\u00e4ten der Thai-Boxer sind bemerkenswert. Ihre besondere Spezialit\u00e4t sind Schienbeintritte und Kniest\u00f6\u00dfe.<\/p>\n<p>Muay Thai ist ein sehr harter und realistischer Kampfsport, der eine besondere K\u00f6rperschule erfordert. Heutige Trainingsmethoden sind Schl\u00e4ge und Tritte auf Sands\u00e4cke und Schlagpolster sowie ein sehr intensives Sparring, um Treffgenauigkeit, Beweglichkeit und Reflexe optimal zu entwickeln.<\/p>\n","protected":false},"excerpt":{"rendered":"<p>Das Thai-Boxen &#8222;Muay Thai&#8220; (Muay = schlagen, sto\u00dfen) erfeut sich heute in Thailand, vor allem als Profisport, gro\u00dfer Beliebtheit. Die K\u00e4mpfe, die fr\u00fcher auf Marktpl\u00e4tzen ausgetragen wurden, finden heute in eigens daf\u00fcr errichteten Stadien in einem Boxring statt. Die K\u00e4mpfer treten barfu\u00df an. Sie tragen Boxhandschuhe und k\u00e4mpfen mit F\u00e4usten und Ellbogen gegeneinander. Au\u00dferdem wird &hellip; <\/p>\n<p><a class=\"more-link btn\" href=\"http:\/\/www.wckf.de\/blog\/stile\/muay-thai\/\">Weiterlesen<\/a><\/p>\n","protected":false},"author":2,"featured_media":0,"parent":10,"menu_order":0,"comment_status":"closed","ping_status":"closed","template":"","meta":[],"jetpack_sharing_enabled":true,"_links":{"self":[{"href":"http:\/\/www.wckf.de\/blog\/wp-json\/wp\/v2\/pages\/70"}],"collection":[{"href":"http:\/\/www.wckf.de\/blog\/wp-json\/wp\/v2\/pages"}],"about":[{"href":"http:\/\/www.wckf.de\/blog\/wp-json\/wp\/v2\/types\/page"}],"author":[{"embeddable":true,"href":"http:\/\/www.wckf.de\/blog\/wp-json\/wp\/v2\/users\/2"}],"replies":[{"embeddable":true,"href":"http:\/\/www.wckf.de\/blog\/wp-json\/wp\/v2\/comments?post=70"}],"version-history":[{"count":3,"href":"http:\/\/www.wckf.de\/blog\/wp-json\/wp\/v2\/pages\/70\/revisions"}],"predecessor-version":[{"id":132,"href":"http:\/\/www.wckf.de\/blog\/wp-json\/wp\/v2\/pages\/70\/revisions\/132"}],"up":[{"embeddable":true,"href":"http:\/\/www.wckf.de\/blog\/wp-json\/wp\/v2\/pages\/10"}],"wp:attachment":[{"href":"http:\/\/www.wckf.de\/blog\/wp-json\/wp\/v2\/media?parent=70"}],"curies":[{"name":"wp","href":"https:\/\/api.w.org\/{rel}","templated":true}]}}