{"id":77,"date":"2010-12-12T11:14:55","date_gmt":"2010-12-12T10:14:55","guid":{"rendered":"http:\/\/www.wckf.de\/blog\/"},"modified":"2020-01-05T01:03:09","modified_gmt":"2020-01-05T00:03:09","slug":"maks","status":"publish","type":"page","link":"http:\/\/www.wckf.de\/blog\/stile\/maks\/","title":{"rendered":"M.A.K.S. Training"},"content":{"rendered":"<p>Verhaltensweisen in Gewaltsituationen:<\/p>\n<p>Gewalt ist eine Form der Kommunikation.<\/p>\n<p>T\u00e4ter suchen Opfer &#8211; keine Gegner.<\/p>\n<p>Diese Seminarreihe bietet die M\u00f6glichkeit, erfolgreiche Strategien in wenigen Stunden zu erlernen, wie man sich au\u00dferhalb der bekannten Umgebung st\u00e4rker und wehrhafter zu f\u00fchlen.<\/p>\n<p>P\u00e4dagogen, Antigewalttrainer, Sozialwissenschaftler, Kampfk\u00fcnstler und Polizeitrainer haben ein mentales und k\u00f6rperliches Konzept entwickelt, dass den Umgang mit Angst, Adrenalinaussch\u00fcttung und Unsicherheit in Gewaltsituationen erm\u00f6glicht.<\/p>\n<p>Trainingszeiten: jeden 1. Samstag im Monat (10:00 &#8211; 11:00 Uhr)<\/p>\n","protected":false},"excerpt":{"rendered":"<p>Verhaltensweisen in Gewaltsituationen: Gewalt ist eine Form der Kommunikation. T\u00e4ter suchen Opfer &#8211; keine Gegner. Diese Seminarreihe bietet die M\u00f6glichkeit, erfolgreiche Strategien in wenigen Stunden zu erlernen, wie man sich au\u00dferhalb der bekannten Umgebung st\u00e4rker und wehrhafter zu f\u00fchlen. P\u00e4dagogen, Antigewalttrainer, Sozialwissenschaftler, Kampfk\u00fcnstler und Polizeitrainer haben ein mentales und k\u00f6rperliches Konzept entwickelt, dass den Umgang &hellip; <\/p>\n<p><a class=\"more-link btn\" href=\"http:\/\/www.wckf.de\/blog\/stile\/maks\/\">Weiterlesen<\/a><\/p>\n","protected":false},"author":2,"featured_media":0,"parent":10,"menu_order":0,"comment_status":"closed","ping_status":"closed","template":"","meta":[],"jetpack_sharing_enabled":true,"_links":{"self":[{"href":"http:\/\/www.wckf.de\/blog\/wp-json\/wp\/v2\/pages\/77"}],"collection":[{"href":"http:\/\/www.wckf.de\/blog\/wp-json\/wp\/v2\/pages"}],"about":[{"href":"http:\/\/www.wckf.de\/blog\/wp-json\/wp\/v2\/types\/page"}],"author":[{"embeddable":true,"href":"http:\/\/www.wckf.de\/blog\/wp-json\/wp\/v2\/users\/2"}],"replies":[{"embeddable":true,"href":"http:\/\/www.wckf.de\/blog\/wp-json\/wp\/v2\/comments?post=77"}],"version-history":[{"count":8,"href":"http:\/\/www.wckf.de\/blog\/wp-json\/wp\/v2\/pages\/77\/revisions"}],"predecessor-version":[{"id":79,"href":"http:\/\/www.wckf.de\/blog\/wp-json\/wp\/v2\/pages\/77\/revisions\/79"}],"up":[{"embeddable":true,"href":"http:\/\/www.wckf.de\/blog\/wp-json\/wp\/v2\/pages\/10"}],"wp:attachment":[{"href":"http:\/\/www.wckf.de\/blog\/wp-json\/wp\/v2\/media?parent=77"}],"curies":[{"name":"wp","href":"https:\/\/api.w.org\/{rel}","templated":true}]}}